{"id":76,"date":"2021-06-25T17:52:21","date_gmt":"2021-06-25T17:52:21","guid":{"rendered":"https:\/\/voltechvolant.com\/?post_type=product&#038;p=76"},"modified":"2021-06-25T17:52:21","modified_gmt":"2021-06-25T17:52:21","slug":"test-urun-1","status":"publish","type":"product","link":"https:\/\/voltechvolant.com\/?product=test-urun-1","title":{"rendered":"Test \u00dcr\u00fcn 1"},"content":{"rendered":"<p>Test \u00dcr\u00fcn 1 A\u00e7\u0131klamas\u0131 Test \u00dcr\u00fcn 1 A\u00e7\u0131klamas\u0131 Test \u00dcr\u00fcn 1 A\u00e7\u0131klamas\u0131 Test \u00dcr\u00fcn 1 A\u00e7\u0131klamas\u0131 Test \u00dcr\u00fcn 1 A\u00e7\u0131klamas\u0131 Test \u00dcr\u00fcn 1 A\u00e7\u0131klamas\u0131<\/p>\n","protected":false},"excerpt":{"rendered":"<p>Test \u00dcr\u00fcn 1 K\u0131sa A\u00e7\u0131klamas\u0131 Test \u00dcr\u00fcn 1 K\u0131sa A\u00e7\u0131klamas\u0131<\/p>\n","protected":false},"featured_media":63,"template":"","meta":[],"product_cat":[16],"product_tag":[],"class_list":{"0":"post-76","1":"product","2":"type-product","3":"status-publish","4":"has-post-thumbnail","6":"product_cat-genel","8":"first","9":"instock","10":"shipping-taxable","11":"purchasable","12":"product-type-simple"},"_links":{"self":[{"href":"https:\/\/voltechvolant.com\/index.php?rest_route=\/wp\/v2\/product\/76","targetHints":{"allow":["GET"]}}],"collection":[{"href":"https:\/\/voltechvolant.com\/index.php?rest_route=\/wp\/v2\/product"}],"about":[{"href":"https:\/\/voltechvolant.com\/index.php?rest_route=\/wp\/v2\/types\/product"}],"wp:featuredmedia":[{"embeddable":true,"href":"https:\/\/voltechvolant.com\/index.php?rest_route=\/wp\/v2\/media\/63"}],"wp:attachment":[{"href":"https:\/\/voltechvolant.com\/index.php?rest_route=%2Fwp%2Fv2%2Fmedia&parent=76"}],"wp:term":[{"taxonomy":"product_cat","embeddable":true,"href":"https:\/\/voltechvolant.com\/index.php?rest_route=%2Fwp%2Fv2%2Fproduct_cat&post=76"},{"taxonomy":"product_tag","embeddable":true,"href":"https:\/\/voltechvolant.com\/index.php?rest_route=%2Fwp%2Fv2%2Fproduct_tag&post=76"}],"curies":[{"name":"wp","href":"https:\/\/api.w.org\/{rel}","templated":true}]}}